{"id":2,"date":"2024-12-18T17:28:27","date_gmt":"2024-12-18T17:28:27","guid":{"rendered":"http:\/\/propertiesofitaly.com\/?page_id=2"},"modified":"2025-03-29T11:30:44","modified_gmt":"2025-03-29T11:30:44","slug":"sample-page","status":"publish","type":"page","link":"https:\/\/propertiesofitaly.com\/de\/sample-page\/","title":{"rendered":"Meine Leistungen"},"content":{"rendered":"<figure class=\"wp-block-image aligncenter size-large is-resized\"><img loading=\"lazy\" decoding=\"async\" width=\"1024\" height=\"683\" src=\"http:\/\/propertiesofitaly.com\/wp-content\/uploads\/2025\/03\/Logo-sito-properties-collab-REMAX-1024x683.jpg\" alt=\"\" class=\"wp-image-7239\" style=\"width:259px;height:auto\" srcset=\"https:\/\/propertiesofitaly.com\/wp-content\/uploads\/2025\/03\/Logo-sito-properties-collab-REMAX-1024x683.jpg 1024w, https:\/\/propertiesofitaly.com\/wp-content\/uploads\/2025\/03\/Logo-sito-properties-collab-REMAX-300x200.jpg 300w, https:\/\/propertiesofitaly.com\/wp-content\/uploads\/2025\/03\/Logo-sito-properties-collab-REMAX-2000x1333.jpg 2000w, https:\/\/propertiesofitaly.com\/wp-content\/uploads\/2025\/03\/Logo-sito-properties-collab-REMAX-600x400.jpg 600w, https:\/\/propertiesofitaly.com\/wp-content\/uploads\/2025\/03\/Logo-sito-properties-collab-REMAX-1200x800.jpg 1200w, https:\/\/propertiesofitaly.com\/wp-content\/uploads\/2025\/03\/Logo-sito-properties-collab-REMAX-18x12.jpg 18w, https:\/\/propertiesofitaly.com\/wp-content\/uploads\/2025\/03\/Logo-sito-properties-collab-REMAX.jpg 2048w\" sizes=\"auto, (max-width: 1024px) 100vw, 1024px\" \/><\/figure>\n\n\n\n<figure class=\"wp-block-gallery has-nested-images columns-default is-cropped wp-block-gallery-1 is-layout-flex wp-block-gallery-is-layout-flex\">\n<figure class=\"wp-block-image size-full\"><img decoding=\"async\" data-id=\"6856\" src=\"http:\/\/propertiesofitaly.com\/wp-content\/uploads\/2025\/01\/1casa-medici-5-1.jpg\" alt=\"\" class=\"wp-image-6856\"\/><\/figure>\n\n\n\n<figure class=\"wp-block-image size-large\"><img loading=\"lazy\" decoding=\"async\" width=\"1024\" height=\"678\" data-id=\"6797\" src=\"http:\/\/propertiesofitaly.com\/wp-content\/uploads\/2024\/12\/rental-service-photo-1-1024x678.jpg\" alt=\"\" class=\"wp-image-6797\" srcset=\"https:\/\/propertiesofitaly.com\/wp-content\/uploads\/2024\/12\/rental-service-photo-1-1024x678.jpg 1024w, https:\/\/propertiesofitaly.com\/wp-content\/uploads\/2024\/12\/rental-service-photo-1-300x199.jpg 300w, https:\/\/propertiesofitaly.com\/wp-content\/uploads\/2024\/12\/rental-service-photo-1-18x12.jpg 18w, https:\/\/propertiesofitaly.com\/wp-content\/uploads\/2024\/12\/rental-service-photo-1.jpg 1119w\" sizes=\"auto, (max-width: 1024px) 100vw, 1024px\" \/><\/figure>\n\n\n\n<figure class=\"wp-block-image size-large\"><img loading=\"lazy\" decoding=\"async\" width=\"1024\" height=\"681\" data-id=\"6798\" src=\"http:\/\/propertiesofitaly.com\/wp-content\/uploads\/2024\/12\/Translation-and-administration-photo-1024x681.jpg\" alt=\"\" class=\"wp-image-6798\" srcset=\"https:\/\/propertiesofitaly.com\/wp-content\/uploads\/2024\/12\/Translation-and-administration-photo-1024x681.jpg 1024w, https:\/\/propertiesofitaly.com\/wp-content\/uploads\/2024\/12\/Translation-and-administration-photo-300x199.jpg 300w, https:\/\/propertiesofitaly.com\/wp-content\/uploads\/2024\/12\/Translation-and-administration-photo-600x400.jpg 600w, https:\/\/propertiesofitaly.com\/wp-content\/uploads\/2024\/12\/Translation-and-administration-photo-18x12.jpg 18w, https:\/\/propertiesofitaly.com\/wp-content\/uploads\/2024\/12\/Translation-and-administration-photo.jpg 1125w\" sizes=\"auto, (max-width: 1024px) 100vw, 1024px\" \/><\/figure>\n<\/figure>\n\n\n<div class=\"wp-block-ub-tabbed-content wp-block-ub-tabbed-content-holder wp-block-ub-tabbed-content-horizontal-holder-mobile wp-block-ub-tabbed-content-horizontal-holder-tablet\" id=\"ub-tabbed-content-6e4b7ed8-112f-4773-804f-45bc7b5bfa78\" style=\"\">\n\t\t\t<div class=\"wp-block-ub-tabbed-content-tab-holder horizontal-tab-width-mobile horizontal-tab-width-tablet\">\n\t\t\t\t<div role=\"tablist\" class=\"wp-block-ub-tabbed-content-tabs-title wp-block-ub-tabbed-content-tabs-title-mobile-horizontal-tab wp-block-ub-tabbed-content-tabs-title-tablet-horizontal-tab\" style=\"justify-content: flex-start; \"><div role=\"tab\" id=\"ub-tabbed-content-6e4b7ed8-112f-4773-804f-45bc7b5bfa78-tab-0\" aria-controls=\"ub-tabbed-content-6e4b7ed8-112f-4773-804f-45bc7b5bfa78-panel-0\" aria-selected=\"false\" class=\"wp-block-ub-tabbed-content-tab-title-wrap\" style=\"--ub-tabbed-active-title-color: inherit; --ub-tabbed-active-title-background-color: #eeeeee; text-align: left; \" tabindex=\"-1\">\n\t\t\t\t<div class=\"wp-block-ub-tabbed-content-tab-title\">Pers\u00f6nlich angepasste Immobiliensuche<\/div>\n\t\t\t<\/div><div role=\"tab\" id=\"ub-tabbed-content-6e4b7ed8-112f-4773-804f-45bc7b5bfa78-tab-1\" aria-controls=\"ub-tabbed-content-6e4b7ed8-112f-4773-804f-45bc7b5bfa78-panel-1\" aria-selected=\"false\" class=\"wp-block-ub-tabbed-content-tab-title-wrap\" style=\"--ub-tabbed-active-title-color: inherit; --ub-tabbed-active-title-background-color: #eeeeee; text-align: left; \" tabindex=\"-1\">\n\t\t\t\t<div class=\"wp-block-ub-tabbed-content-tab-title\">Immobilienverwaltung und Vermietungen<\/div>\n\t\t\t<\/div><div role=\"tab\" id=\"ub-tabbed-content-6e4b7ed8-112f-4773-804f-45bc7b5bfa78-tab-2\" aria-controls=\"ub-tabbed-content-6e4b7ed8-112f-4773-804f-45bc7b5bfa78-panel-2\" aria-selected=\"true\" class=\"wp-block-ub-tabbed-content-tab-title-wrap active\" style=\"--ub-tabbed-title-background-color: #eeeeee; --ub-tabbed-active-title-color: inherit; --ub-tabbed-active-title-background-color: #eeeeee; text-align: left; \" tabindex=\"-1\">\n\t\t\t\t<div class=\"wp-block-ub-tabbed-content-tab-title\">Professionelle \u00dcbersetzungen und b\u00fcrokratische Angelegenheiten<\/div>\n\t\t\t<\/div><\/div>\n\t\t\t<\/div>\n\t\t\t<div class=\"wp-block-ub-tabbed-content-tabs-content\" style=\"\"><div role=\"tabpanel\" class=\"wp-block-ub-tabbed-content-tab-content-wrap ub-hide\" id=\"ub-tabbed-content-6e4b7ed8-112f-4773-804f-45bc7b5bfa78-panel-0\" aria-labelledby=\"ub-tabbed-content-6e4b7ed8-112f-4773-804f-45bc7b5bfa78-tab-0\" tabindex=\"0\">\n\n<h2 class=\"wp-block-heading\"><strong>Pers\u00f6nliche Besichtigungstour mit Sophia E.M. Str\u00f6er<\/strong><\/h2>\n\n\n\n<p><\/p>\n\n\n\n<p>Erleben Sie eine individuell auf Sie abgestimmte und effektive Art der Immobiliensuche f\u00fcr Ihre Traumimmobilie in Forte dei Marmi, Versilia, Italien. Ganz gleich, ob Sie auf der Suche nach einem luxuri\u00f6sen Ferienhaus oder einer geschickten Investition sind, meine individuell abgestimmte Immobilien- Besichtigungstour ist ausschlie\u00dflich auf die Bed\u00fcrfnisse internationaler K\u00e4ufer zugeschnitten und gew\u00e4hrleistet, dass Ihre Immobiliensuche so effizient und angenehm wie m\u00f6glich ist.<\/p>\n\n\n\n<h3 class=\"wp-block-heading\" id=\"1-how-it-works-\"><strong>Ablauf:<\/strong><\/h3>\n\n\n\n<ol class=\"wp-block-list\">\n<li><strong>Erstes Beratungsgespr\u00e4ch<\/strong><br>Die Reise beginnt mit einer gr\u00fcndlichen Bewertung Ihrer Bed\u00fcrfnisse, W\u00fcnsche und Investitionsziele in einem Zoom- oder Google-Meet-Anruf. Dieses Gespr\u00e4ch erm\u00f6glicht es mir, Ihre Pr\u00e4ferenzen vollst\u00e4ndig zu verstehen, ganz gleich, ob es sich um eine Villa am am Meer in Forte dei Marmi oder um ein Anwesen auf dem Land in der Toskana handelt.<\/li>\n\n\n\n<li><strong>Gezielte Immobilienauswahl<\/strong><br>Auf der Grundlage unseres Gespr\u00e4chs werde ich eine Reihe von Immobilien recherchieren und ausw\u00e4hlen, die Ihren Kriterien entsprechen. Sie erhalten ein detailliertes Portfolio mit Beschreibungen, Fotos und wichtigen Informationen zu jeder Immobilie. Dieses ma\u00dfgeschneiderte Portfolio stellt sicher, dass wir uns bei Ihrer Besichtigung auf die vielversprechendsten Optionen konzentrieren.<\/li>\n\n\n\n<li><strong>Individueller Terminplan<\/strong><br>Unter Ber\u00fccksichtigung Ihrer Verf\u00fcgbarkeit und der Zeit, die Sie f\u00fcr die Immobiliensuche in Italien aufwenden k\u00f6nnen, erstelle ich einen pers\u00f6nlichen Terminplan. Gemeinsam werden wir herausfinden, welche Immobilien es wert sind, besichtigt zu werden und die Tour fest planen.<\/li>\n\n\n\n<li><strong>Fest vereinbarte Besichtigungstermine<\/strong><br>Sobald die Auswahl getroffen ist, \u00fcbernehme ich die gesamte Koordination und organisiere zwei- bis dreit\u00e4gige Immobilienbesichtigungen in der n\u00f6rdlichen Toskana, einschlie\u00dflich Forte dei Marmi und Umgebung.<\/li>\n\n\n\n<li><strong>Gef\u00fchrte Besichtigungstour<\/strong><br>W\u00e4hrend Ihres Aufenthalts in Italien begleite ich Sie zu jeder Besichtigung und biete Ihnen Einblicke und professionelle Beratung. Mein Fachwissen stellt sicher, dass Sie alle notwendigen Informationen haben, um jede Immobilie effektiv zu bewerten.<\/li>\n\n\n\n<li><strong>Erstellung des Kaufangebots &amp; weitere Schritte<\/strong><br>Wenn Sie sich f\u00fcr eine Immobilie entschieden haben, helfe ich Ihnen bei der Erstellung des offiziellen, unwiderruflichen Kaufangebots und der Zusammenstellung aller erforderlichen Unterlagen. Meine Aufgabe ist es, den Kaufprozess reibungslos und stressfrei zu gestalten.<\/li>\n<\/ol>\n\n\n\n<h3 class=\"wp-block-heading\" id=\"2-what-happens-if-we-don%E2%80%99t-find-the-right-property-\"><strong>Was passiert, wenn wir nicht die richtige Immobilie finden?<\/strong><\/h3>\n\n\n\n<p>Sollten Sie sich gegen den Kauf einer Immobilie oder f\u00fcr die Zusammenarbeit mit einem anderen Makler entscheiden, werden Ihnen die Kosten f\u00fcr die Dienstleistung in H\u00f6he von 1.000 Euro pro Tag in Rechnung gestellt.<\/p>\n\n\n\n<h3 class=\"wp-block-heading\" id=\"3-special-benefit-for-buyers-with-me-\"><strong>Sondervorteil f\u00fcr meine Kunden<\/strong><\/h3>\n\n\n\n<p>Wenn Sie sich daf\u00fcr entscheiden, Ihre Immobilie \u00fcber mich als Ihre spezialisierte Immobilienberaterin zu kaufen, werden die Kosten f\u00fcr die Immobilienbesichtigung von meiner Provision abgezogen, was Ihnen sowohl einen Mehrwert als auch Gewissheit bringt.<\/p>\n\n\n\n<hr class=\"wp-block-separator has-alpha-channel-opacity\">\n\n\n\n<p>Dieser Service kombiniert pers\u00f6nliche Betreuung, lokales Fachwissen und eine strukturierte Herangehensweise und stellt sicher, dass Sie das Beste aus Ihrer Zeit in Italien machen, w\u00e4hrend Sie nach Ihrer perfekten Immobilie suchen. Mit meiner Unterst\u00fctzung ist Ihr Traumhaus in der Toskana zum Greifen nah!<\/p>\n\n<\/div><div role=\"tabpanel\" class=\"wp-block-ub-tabbed-content-tab-content-wrap ub-hide\" id=\"ub-tabbed-content-6e4b7ed8-112f-4773-804f-45bc7b5bfa78-panel-1\" aria-labelledby=\"ub-tabbed-content-6e4b7ed8-112f-4773-804f-45bc7b5bfa78-tab-1\" tabindex=\"0\">\n\n<h2 class=\"wp-block-heading\"><strong>Individuelle Immobilienverwaltung und Vermietung mit Sophia E.M. Str\u00f6er<\/strong><\/h2>\n\n\n\n<p>Eine Traumimmobilie in Forte dei Marmi, Versilia oder Italien zu besitzen ist eine Freude - sie zu verwalten, vor allem vom Ausland aus, kann jedoch eine Herausforderung sein. Ganz gleich, ob Sie Unterst\u00fctzung ben\u00f6tigen, um Ihre Immobilie in einem tadellosen Zustand zu halten, oder ob Sie ihr Vermietungspotenzial maximieren m\u00f6chten, ich biete Ihnen einen pers\u00f6nlichen, umfassenden Service, der auf Ihre individuellen Bed\u00fcrfnisse zugeschnitten ist.<\/p>\n\n\n\n<h3 class=\"wp-block-heading\"><strong>1. Immobilienverwaltung<\/strong><\/h3>\n\n\n\n<p>Genie\u00dfen Sie die Gewissheit, dass Ihre Immobilie w\u00e4hrend Ihrer Abwesenheit fachm\u00e4nnisch verwaltet wird. Meine Immobilienverwaltung umfasst:<\/p>\n\n\n\n<ul class=\"wp-block-list\">\n<li><strong>Koordinierung wesentlicher Leistungen:<\/strong> Reinigung, Wartung, Gartenarbeit und andere notwendige Aufgaben, damit Ihr Haus in perfektem Zustand bleibt.<\/li>\n\n\n\n<li><strong>\u00dcberwachung der Dienstleister:<\/strong> Beaufsichtigung des Personals, um sicherzustellen, dass jede Arbeit nach den h\u00f6chsten Standards ausgef\u00fchrt wird.<\/li>\n\n\n\n<li><strong>Unterst\u00fctzung in Notf\u00e4llen:<\/strong> Schnelle Unterst\u00fctzung bei allen Problemen, die in der Immobilie auftreten k\u00f6nnen.<\/li>\n<\/ul>\n\n\n\n<p>Ihre Immobilie wird immer bereit sein, Sie oder Ihre G\u00e4ste zu empfangen, und sie wird die Eleganz und den Komfort bieten, die ihr entsprechen.<\/p>\n\n\n\n<p><strong>Preis:<\/strong> Ab 1.000 \u20ac pro Monat, abh\u00e4ngig von der Anzahl der ben\u00f6tigten Dienstleistungen.<\/p>\n\n\n\n<hr class=\"wp-block-separator has-alpha-channel-opacity\">\n\n\n\n<h3 class=\"wp-block-heading\"><strong>2. Vermietung<\/strong><\/h3>\n\n\n\n<p>Maximieren Sie die Gewinnerzielung durch ihre Immobilien und vertrauen Sie mir Ihre Vermietung durch <strong>Airbnb<\/strong>\u00a0an. Die Nutzung von Airbnb als prim\u00e4re Plattform gew\u00e4hrleistet dank der soliden Versicherungspolicen und Verifizierungen hervorragende Sicherheit und Transparenz f\u00fcr alle Beteiligten - den Eigent\u00fcmer, mich als Verwalterin und Ihre G\u00e4ste.<\/p>\n\n\n\n<p>Diese Leistung umfasst alle Angelegenheiten zur Unterbringung internationaler G\u00e4ste, einschlie\u00dflich:<\/p>\n\n\n\n<ul class=\"wp-block-list\">\n<li><strong>Buchungsverwaltung:<\/strong> Abwicklung aller Buchungsanfragen, Best\u00e4tigungen und Kommunikation mit den G\u00e4sten ausschlie\u00dflich \u00fcber Airbnb, um eine reibungslose Verwaltung und sichere Buchungen zu gew\u00e4hrleisten.<\/li>\n\n\n\n<li><strong>G\u00e4steempfang und -betreuung<\/strong> Pers\u00f6nliche Betreuung beim Ein- und Auschecken, damit sich die G\u00e4ste vom ersten Moment an wie zu Hause f\u00fchlen.<\/li>\n\n\n\n<li><strong>Concierge-Leistungen:<\/strong>\n<ul class=\"wp-block-list\">\n<li>Individuelle Empfehlungen f\u00fcr lokale Touren, Top-Restaurants und Attraktionen in Forte dei Marmi, in der Versilia und den Apuanischen Alpen, die man unbedingt gesehen haben muss.<\/li>\n\n\n\n<li>Zus\u00e4tzliche Leistungen wie Fahrradverleih, Champagner bei der Ankunft und ein auf die Vorlieben des Eigent\u00fcmers ausgerichteter Reinigungsservice.<\/li>\n<\/ul>\n<\/li>\n\n\n\n<li><strong>Fortlaufende G\u00e4stebetreuung<\/strong> Ich werde jederzeit \u00fcber das Kommunikationssystem von Airbnb f\u00fcr alle Anfragen w\u00e4hrend des G\u00e4steaufenthalts erreichbar sein, um den G\u00e4sten einen optimalen Aufenthalt zu gew\u00e4hrleisten.<\/li>\n<\/ul>\n\n\n\n<p>Durch die Nutzung der vertrauensw\u00fcrdigen Plattform von Airbnb erh\u00e4lt Ihre Immobilie h\u00f6here Sichtbarkeit und mehr Buchungen sowie einen umfassenden Versicherungsschutz f\u00fcr Sie als Host und mich als Verwalterin.<\/p>\n\n\n\n<p>Diese Leistung steigert nicht nur Ihre Mieteinnahmen, sondern verbessert auch den Ruf Ihrer Immobilie als erstklassige Unterkunft.<\/p>\n\n\n\n<p><strong>Preis:<\/strong> 10 % der Mieteinnahmen, die durch die Immobilie erzeugt werden.<\/p>\n\n\n\n<hr class=\"wp-block-separator has-alpha-channel-opacity\">\n\n\n\n<h3 class=\"wp-block-heading\"><strong>Wichtige Details<\/strong><\/h3>\n\n\n\n<ul class=\"wp-block-list\">\n<li>Alle Immobilien m\u00fcssen weniger als 1 Autostunde von Forte dei Marmi entfernt sein, um eine hohe Qualit\u00e4t der Dienstleistungen zu gew\u00e4hrleisten.<\/li>\n\n\n\n<li>Jede Dienstleistung ist vollst\u00e4ndig anpassbar, je nach den Vorlieben des Eigent\u00fcmers und dem Niveau der G\u00e4stebetreuung.<\/li>\n\n\n\n<li>Alle zus\u00e4tzlichen Dienstleistungen, die den G\u00e4sten angeboten werden (z. B. Fahrradverleih, Champagner bei der Ankunft, Reinigungsservice oder andere personalisierte Angebote), k\u00f6nnen vom Eigent\u00fcmer der Immobilie im Voraus bezahlt werden. Diese Kosten werden dann in den \u00dcbernachtungspreis f\u00fcr die G\u00e4ste eingerechnet, so dass der Eigent\u00fcmer durch die Mieteinnahmen eine R\u00fcckerstattung erh\u00e4lt. Dieser Ansatz erm\u00f6glicht eine flexible und transparente Preisstrategie, die sich an dem Luxusniveau und den Dienstleistungen orientiert, die Sie als Eigent\u00fcmer anbieten m\u00f6chten.<\/li>\n<\/ul>\n\n\n\n<hr class=\"wp-block-separator has-alpha-channel-opacity\">\n\n\n\n<p>Meine lokalen Verbindungen, mein Organisationstalent und meine Einsatzbereitschaft erm\u00f6glichen, dass Ihre Immobilie einwandfrei verwaltet wird und wir Ihren G\u00e4sten einen unvergesslichen Urlaub bieten k\u00f6nnen. So k\u00f6nnen Sie  sorglos maximalen Gewinn aus Ihrer Immobilie erzielen. Vertrauen Sie mir jetzt Ihre Traumimmobilie in der Toskana an!<\/p>\n\n<\/div><div role=\"tabpanel\" class=\"wp-block-ub-tabbed-content-tab-content-wrap active\" id=\"ub-tabbed-content-6e4b7ed8-112f-4773-804f-45bc7b5bfa78-panel-2\" aria-labelledby=\"ub-tabbed-content-6e4b7ed8-112f-4773-804f-45bc7b5bfa78-tab-2\" tabindex=\"0\">\n\n<h3 class=\"wp-block-heading\"><strong>Professionelle \u00dcbersetzungsdienstleistungen und Unterst\u00fctzung bei b\u00fcrokratischen Angelegenheiten<\/strong><\/h3>\n\n\n\n<p>Um die komplexen Vorg\u00e4nge beim Kauf oder der Verwaltung einer Immobilie in Italien zu bew\u00e4ltigen, muss man sich oft mit rechtlichen Unterlagen und administrativen Vorg\u00e4ngen in italienischer Sprache auseinandersetzen. Meine <a href=\"https:\/\/www.tradu-garda.com\/\" title=\"\">Professionellen \u00dcbersetzungsdienstleistungen und meine Unterst\u00fctzung bei b\u00fcrokratischen Angelegenheiten<\/a> bieten internationalen Kunden einen reibungslosen und stressfreien Ablauf.<\/p>\n\n\n\n<h4 class=\"wp-block-heading\"><strong>Professionelle \u00dcbersetzung<\/strong><\/h4>\n\n\n\n<p>Mit mehr als 8 Jahren Erfahrung als professionelle \u00dcbersetzerin und Dolmetscherin f\u00fcr notarielle Urkunden und einem Master-Abschluss in Internationaler Kommunikation und Liaison an der University of Westminster in London, Gro\u00dfbritannien, biete ich fachkundige \u00dcbersetzungen an, die auf die Bed\u00fcrfnisse von Immobilienk\u00e4ufern und -besitzern in Italien ausgerichtet sind.<\/p>\n\n\n\n<p>Diese Leistungen umfassen:<\/p>\n\n\n\n<ul class=\"wp-block-list\">\n<li><strong>Notarielle Urkunden und Notarvertr\u00e4ge:<\/strong> Fachgerechte \u00dcbersetzungen von Rechtsunterlagen, um Klarheit und Verst\u00e4ndnis bei Immobilientransaktionen zu gew\u00e4hrleisten.<\/li>\n\n\n\n<li><strong>Personenbezogene Unterlagen:<\/strong> \u00dcbersetzung von Ausweispapieren und anderen Unterlagen zur offiziellen Verwendung in Italien<\/li>\n\n\n\n<li><strong>Immobilienanzeigen zur Vermietung:<\/strong> Erstellung \u00fcberzeugender, professioneller Beschreibungen auf Englisch, Deutsch und Italienisch f\u00fcr Plattformen wie Airbnb, um die Attraktivit\u00e4t der Immobilie f\u00fcr internationale Kunden zu maximieren.<\/li>\n<\/ul>\n\n\n\n<p>Als staatlich gepr\u00fcfte \u00dcbersetzerin und Dolmetscherin gew\u00e4hrleiste ich qualitativ hochwertige und pr\u00e4zise \u00dcbersetzungen, die den gesetzlichen und beruflichen Anforderungen entsprechen und Ihnen Sicherheit bei jedem Schritt des Kaufvorgangs geben.<\/p>\n\n\n\n<hr class=\"wp-block-separator has-alpha-channel-opacity\">\n\n\n\n<h4 class=\"wp-block-heading\"><strong>Unterst\u00fctzung bei b\u00fcrokratischen Angelegenheiten<\/strong><\/h4>\n\n\n\n<p>Das Verst\u00e4ndnis und die Erf\u00fcllung der verwaltungsrechtlichen Anforderungen f\u00fcr den Erwerb von Immobilien in Italien kann \u00fcberw\u00e4ltigend sein. Ich biete fachkundige Unterst\u00fctzung bei:<\/p>\n\n\n\n<ul class=\"wp-block-list\">\n<li><strong>Beantragung der italienischen Steuernummer (Codice Fiscale):<\/strong> Hilfe bei der Beantragung dieses wichtigen Identifikationscodes, der f\u00fcr Immobilienk\u00e4ufe und andere offizielle Angelegenheiten in Italien erforderlich ist.<\/li>\n\n\n\n<li><strong>Er\u00f6ffnen eines italienischen Bankkontos:<\/strong> Ich f\u00fchre Sie durch die Schritte, die f\u00fcr die Einrichtung eines Bankkontos in Italien erforderlich sind, damit Sie die Zweitimmobiliensteuer, Rechnungen f\u00fcr Versorgungsleistungen und andere mit der Immobilie zusammenh\u00e4ngende Ausgaben reibungslos bezahlen k\u00f6nnen.<\/li>\n<\/ul>\n\n\n\n<hr class=\"wp-block-separator has-alpha-channel-opacity\">\n\n\n\n<p>Durch die Kombination meiner sprachlichen Kompetenz mit fundierten Kenntnissen der italienischen B\u00fcrokratie biete ich einen umfassenden Service, der die Komplexit\u00e4t der Immobilienverwaltung in Italien vereinfacht und einen reibungslosen und effizienten Ablauf f\u00fcr meine Kunden gew\u00e4hrleistet.<\/p>\n\n<\/div><\/div>\n\t\t<\/div>\n\n\n<figure class=\"wp-block-image aligncenter size-large is-resized\"><img loading=\"lazy\" decoding=\"async\" width=\"1024\" height=\"683\" src=\"http:\/\/propertiesofitaly.com\/wp-content\/uploads\/2025\/03\/Logo-sito-properties-collab-REMAX-1024x683.jpg\" alt=\"\" class=\"wp-image-7239\" style=\"width:442px;height:auto\" srcset=\"https:\/\/propertiesofitaly.com\/wp-content\/uploads\/2025\/03\/Logo-sito-properties-collab-REMAX-1024x683.jpg 1024w, https:\/\/propertiesofitaly.com\/wp-content\/uploads\/2025\/03\/Logo-sito-properties-collab-REMAX-300x200.jpg 300w, https:\/\/propertiesofitaly.com\/wp-content\/uploads\/2025\/03\/Logo-sito-properties-collab-REMAX-2000x1333.jpg 2000w, https:\/\/propertiesofitaly.com\/wp-content\/uploads\/2025\/03\/Logo-sito-properties-collab-REMAX-600x400.jpg 600w, https:\/\/propertiesofitaly.com\/wp-content\/uploads\/2025\/03\/Logo-sito-properties-collab-REMAX-1200x800.jpg 1200w, https:\/\/propertiesofitaly.com\/wp-content\/uploads\/2025\/03\/Logo-sito-properties-collab-REMAX-18x12.jpg 18w, https:\/\/propertiesofitaly.com\/wp-content\/uploads\/2025\/03\/Logo-sito-properties-collab-REMAX.jpg 2048w\" sizes=\"auto, (max-width: 1024px) 100vw, 1024px\" \/><\/figure>","protected":false},"excerpt":{"rendered":"","protected":false},"author":1,"featured_media":0,"parent":0,"menu_order":0,"comment_status":"closed","ping_status":"open","template":"","meta":{"footnotes":""},"class_list":["post-2","page","type-page","status-publish","hentry"],"aioseo_notices":[],"featured_image_src":null,"featured_media_urls":[],"_links":{"self":[{"href":"https:\/\/propertiesofitaly.com\/de\/wp-json\/wp\/v2\/pages\/2","targetHints":{"allow":["GET"]}}],"collection":[{"href":"https:\/\/propertiesofitaly.com\/de\/wp-json\/wp\/v2\/pages"}],"about":[{"href":"https:\/\/propertiesofitaly.com\/de\/wp-json\/wp\/v2\/types\/page"}],"author":[{"embeddable":true,"href":"https:\/\/propertiesofitaly.com\/de\/wp-json\/wp\/v2\/users\/1"}],"replies":[{"embeddable":true,"href":"https:\/\/propertiesofitaly.com\/de\/wp-json\/wp\/v2\/comments?post=2"}],"version-history":[{"count":30,"href":"https:\/\/propertiesofitaly.com\/de\/wp-json\/wp\/v2\/pages\/2\/revisions"}],"predecessor-version":[{"id":7443,"href":"https:\/\/propertiesofitaly.com\/de\/wp-json\/wp\/v2\/pages\/2\/revisions\/7443"}],"wp:attachment":[{"href":"https:\/\/propertiesofitaly.com\/de\/wp-json\/wp\/v2\/media?parent=2"}],"curies":[{"name":"wp","href":"https:\/\/api.w.org\/{rel}","templated":true}]}}